{"id":1176,"date":"2025-03-17T15:50:12","date_gmt":"2025-03-17T14:50:12","guid":{"rendered":"https:\/\/daris.werbeauf.com\/about-me\/"},"modified":"2026-02-23T13:03:39","modified_gmt":"2026-02-23T12:03:39","slug":"ueber-mich","status":"publish","type":"page","link":"https:\/\/daris.at\/de\/ueber-mich\/","title":{"rendered":"\u00dcber mich"},"content":{"rendered":"<div class=\"et_pb_section_0 et_pb_section et_section_regular et_flex_section preset--module--divi-section--default\">\n<div class=\"et_pb_row_0 et_pb_row et_flex_row preset--module--divi-row--zah7rtvmdv\">\n<div class=\"et_pb_column_0 et_pb_column et-last-child et_flex_column et_pb_css_mix_blend_mode_passthrough et_flex_column_24_24 et_flex_column_24_24_tablet et_flex_column_24_24_phone\">\n<div class=\"et_pb_text_0 et_pb_text et_pb_bg_layout_light et_pb_module et_flex_module\"><div class=\"et_pb_text_inner\"><h1>Ein bisschen \u00fcber mich<\/h1>\n<\/div><\/div>\n\n<div class=\"et_pb_text_1 et_pb_text et_pb_bg_layout_dark et_pb_bg_layout_light_tablet et_pb_bg_layout_light_phone et_pb_module et_flex_module et_pb_text_align_center\"><div class=\"et_pb_text_inner\"><p>Hallo!<\/p>\n<p>Mein Name ist Hadar und willkommen in meinem \u201ekleinen St\u00fcck vom Himmel\u201c und meinem zweiten Zuhause.<\/p>\n<\/div><\/div>\n\n<div class=\"et_pb_image_0 et_pb_image et_pb_module et_flex_module\"><span class=\"et_pb_image_wrap\"><img loading=\"lazy\" decoding=\"async\" src=\"https:\/\/daris.at\/wp-content\/uploads\/2025\/03\/hadar-schwarzbaum.jpg\" title=\"hadar-schwarzbaum\" width=\"1000\" height=\"1503\" srcset=\"https:\/\/daris.at\/wp-content\/uploads\/2025\/03\/hadar-schwarzbaum.jpg 1000w, https:\/\/daris.at\/wp-content\/uploads\/2025\/03\/hadar-schwarzbaum-980x1473.jpg 980w, https:\/\/daris.at\/wp-content\/uploads\/2025\/03\/hadar-schwarzbaum-480x721.jpg 480w\" sizes=\"(min-width: 0px) and (max-width: 480px) 480px, (min-width: 481px) and (max-width: 980px) 980px, (min-width: 981px) 1000px, 100vw\" class=\"wp-image-637\" \/><\/span><\/div>\n\n<div class=\"et_pb_text_2 et_pb_text et_pb_bg_layout_light et_pb_module et_flex_module\"><div class=\"et_pb_text_inner\"><p>Solange ich mich erinnern kann, habe ich es immer geliebt, in der K\u00fcche zu stehen, und meiner Mama und Oma beim Kochen und Backen zuzusehen und ihnen Fragen zu stellen: warum einige Zutaten zuerst kommen und wie viel man von anderen nehmen muss (und ich habe mich jedes Mal ge\u00e4rgert, wenn sie mir geantwortet haben: \u201eIch messe nicht, es ist ein Gef\u00fchl\").<\/p>\n<p>Ich bin eine Konditorin, die s\u00fcchtig nach Hefe (und Teig im Allgemeinen), Geschmackskombinationen, Butter, Zimt und K\u00e4se ist. Aber vor allem bin ich s\u00fcchtig nach dem herrlichen Duft, der den ganzen Raum durchdringt, wenn ein Geb\u00e4ck im Ofen ist (ja, auch wenn es \u201enur\u201c ein einfacher Kuchen ist).<\/p>\n<p>Ich glaube, dass es m\u00f6glich ist, \u00fcber den Magen die Herzen der Menschen zu erreichen und zu ber\u00fchren. Es gibt nichts Sch\u00f6neres, als das strahlende L\u00e4cheln auf dem Gesicht und das Glitzern in den Augen vor und w\u00e4hrend des ersten Bisses zu sehen, und am Ende des Tages ist das der Grund, warum ich das so leidenschaftlich gerne mache.<\/p>\n<p>In diesem optimistischen Sinne lade ich euch ein, euch f\u00fcr meine Workshops anzumelden und mit mir auf eine interessante und k\u00f6stliche Reise zu gehen.<\/p>\n<p>Ihr seid auch herzlich eingeladen, auf meiner Website zu st\u00f6bern und euch die Rezepte anzuschauen. Dann geht in eure K\u00fcche und versucht es. Manchmal werdet ihr Fehler machen (wie jede\/r andere auch), aber vergisst nicht, immer zu genie\u00dfen und niemals zu verzweifeln, auch wenn der Kuchen nicht genau so geworden ist, wie ihr ihn euch vorgestellt habt. Ich kann euch versprechen, dass es euch am Ende gelingen wird, und die Zufriedenheit, die ihr dann empfinden werdet, ist jeden Schritt auf eurem Weg wert!<\/p>\n<p>Ich freue mich immer, eure Kommentare und Nachrichten zu lesen , bitte z\u00f6gert nicht zu schreiben \u263a\ufe0f<\/p>\n<p>Viel Spa\u00df! \ud83e\udef6\ud83c\udffb<\/p>\n<p>Zu guter Letzt m\u00f6chte ich mich bei meinem Mann, meiner anderen H\u00e4lfte, bedanken, dessen Vertrauen und Unterst\u00fctzung in mich, ma\u00dfgeblich zu der Reise beigetragen haben, die mich hierher gef\u00fchrt hat.<\/p>\n<p>Danke f\u00fcr alles, dass du f\u00fcr mich bist.<\/p>\n<p>Ich liebe dich! \u2764\ufe0f<\/p>\n<\/div><\/div>\n<\/div>\n<\/div>\n<\/div>","protected":false},"excerpt":{"rendered":"","protected":false},"author":3,"featured_media":0,"parent":0,"menu_order":0,"comment_status":"closed","ping_status":"closed","template":"","meta":{"_acf_changed":false,"footnotes":""},"class_list":["post-1176","page","type-page","status-publish","hentry"],"acf":[],"_links":{"self":[{"href":"https:\/\/daris.at\/de\/wp-json\/wp\/v2\/pages\/1176","targetHints":{"allow":["GET"]}}],"collection":[{"href":"https:\/\/daris.at\/de\/wp-json\/wp\/v2\/pages"}],"about":[{"href":"https:\/\/daris.at\/de\/wp-json\/wp\/v2\/types\/page"}],"author":[{"embeddable":true,"href":"https:\/\/daris.at\/de\/wp-json\/wp\/v2\/users\/3"}],"replies":[{"embeddable":true,"href":"https:\/\/daris.at\/de\/wp-json\/wp\/v2\/comments?post=1176"}],"version-history":[{"count":11,"href":"https:\/\/daris.at\/de\/wp-json\/wp\/v2\/pages\/1176\/revisions"}],"predecessor-version":[{"id":2082,"href":"https:\/\/daris.at\/de\/wp-json\/wp\/v2\/pages\/1176\/revisions\/2082"}],"wp:attachment":[{"href":"https:\/\/daris.at\/de\/wp-json\/wp\/v2\/media?parent=1176"}],"curies":[{"name":"wp","href":"https:\/\/api.w.org\/{rel}","templated":true}]}}