{"id":1336,"date":"2025-03-26T11:45:38","date_gmt":"2025-03-26T10:45:38","guid":{"rendered":"https:\/\/daris.at\/health-and-safety-guidelines\/"},"modified":"2026-02-23T12:53:33","modified_gmt":"2026-02-23T11:53:33","slug":"gesundheits-und-sicherheitsrichtlinien","status":"publish","type":"page","link":"https:\/\/daris.at\/de\/gesundheits-und-sicherheitsrichtlinien\/","title":{"rendered":"Gesundheits- und Sicherheitsrichtlinien"},"content":{"rendered":"<div class=\"et_pb_section_0 et_pb_section et_section_regular et_flex_section preset--module--divi-section--default\">\n<div class=\"et_pb_row_0 et_pb_row et_flex_row preset--module--divi-row--zah7rtvmdv\">\n<div class=\"et_pb_column_0 et_pb_column et-last-child et_flex_column et_pb_css_mix_blend_mode_passthrough et_flex_column_24_24 et_flex_column_24_24_tablet et_flex_column_24_24_phone\">\n<div class=\"et_pb_post_title_0 et_pb_post_title et_pb_bg_layout_light et_pb_module et_flex_module\"><div class=\"et_pb_title_container\"><h1 class=\"entry-title\">Gesundheits- und Sicherheitsrichtlinien<\/h1><\/div><\/div>\n\n<div class=\"et_pb_text_0 et_pb_text et_pb_bg_layout_light et_pb_module et_flex_module\"><div class=\"et_pb_text_inner\"><p>Obwohl wir uns bem\u00fchen, eine sichere Umgebung w\u00e4hrend des Workshops zu gew\u00e4hrleisten, nehmen die Teilnehmer auf eigenes Risiko teil. Der\/die Kursleiter\/in und das Studio \u00fcbernehmen keine Haftung f\u00fcr Verletzungen oder Unf\u00e4lle, die w\u00e4hrend des Workshops auftreten k\u00f6nnen.<\/p>\n<p>Um eine sichere und angenehme Erfahrung zu gew\u00e4hrleisten, bitten wir alle Teilnehmer, folgende Richtlinien zu beachten:<\/p>\n<ol>\n<li><strong>Ankunft:<\/strong> Bitte kommen Sie 15-25 Minuten vor der geplanten Uhrzeit, um gen\u00fcgend Zeit f\u00fcr die Vorbereitung zu haben.<\/li>\n<li><strong>Kleidung:<\/strong>\n<ol>\n<li>Tragen Sie bequeme Kleidung und geschlossene Schuhe.<\/li>\n<li>Vermeiden Sie lange, flie\u00dfende Kleidungsst\u00fccke und weite \u00c4rmel.<\/li>\n<li>Keine Flip-Flops, offenen Sandalen oder High-Heels.<\/li>\n<li>Lange Haare m\u00fcssen zusammengebunden werden (Haarb\u00e4nder, Gummib\u00e4nder, Haarklammern oder T\u00fccher sind in Ordnung).<\/li>\n<li>Wir stellen Ihnen eine Sch\u00fcrze zur Verf\u00fcgung, \u00fcbernehmen jedoch keine Verantwortung f\u00fcr verschmutzte Kleidungsst\u00fccke.<\/li>\n<\/ol>\n<\/li>\n<li><strong>Hygiene:<\/strong>\n<ol>\n<li>Bitte achten Sie auf pers\u00f6nliche Sauberkeit und waschen Sie Ihre H\u00e4nde vor und gegebenenfalls w\u00e4hrend des Workshops.<\/li>\n<\/ol>\n<\/li>\n<li><strong>Sicherheit:<\/strong>\n<ol>\n<li>Befolgen Sie alle Sicherheitsanweisungen des\/der Kursleiter\/in.<\/li>\n<li>Seien Sie vorsichtig im Umgang mit K\u00fcchenger\u00e4ten und Zutaten.<\/li>\n<li>Informieren Sie den\/die Kursleiter\/in im Voraus \u00fcber bekannte Allergien, medizinische Bedingungen oder k\u00f6rperliche Einschr\u00e4nkungen.<\/li>\n<\/ol>\n<\/li>\n<\/ol>\n<p>Mit der Anmeldung zum Workshop best\u00e4tigen die Teilnehmer, dass sie diese Bedingungen akzeptieren.<\/p>\n<h2>Zus\u00e4tzliche Informationen:<\/h2>\n<p>Das Studio wird auf eine Temperatur von unter 23\u00b0C gehalten, um die Frische der Zutaten zu gew\u00e4hrleisten. Bitte kleiden Sie sich entsprechend.<\/p>\n<p>Sitzgelegenheiten sind im Studio vorhanden, jedoch wird der Gro\u00dfteil des Workshops im Stehen durchgef\u00fchrt.<\/p>\n<\/div><\/div>\n<\/div>\n<\/div>\n<\/div>","protected":false},"excerpt":{"rendered":"","protected":false},"author":3,"featured_media":0,"parent":0,"menu_order":0,"comment_status":"closed","ping_status":"closed","template":"","meta":{"_acf_changed":false,"footnotes":""},"class_list":["post-1336","page","type-page","status-publish","hentry"],"acf":[],"_links":{"self":[{"href":"https:\/\/daris.at\/de\/wp-json\/wp\/v2\/pages\/1336","targetHints":{"allow":["GET"]}}],"collection":[{"href":"https:\/\/daris.at\/de\/wp-json\/wp\/v2\/pages"}],"about":[{"href":"https:\/\/daris.at\/de\/wp-json\/wp\/v2\/types\/page"}],"author":[{"embeddable":true,"href":"https:\/\/daris.at\/de\/wp-json\/wp\/v2\/users\/3"}],"replies":[{"embeddable":true,"href":"https:\/\/daris.at\/de\/wp-json\/wp\/v2\/comments?post=1336"}],"version-history":[{"count":12,"href":"https:\/\/daris.at\/de\/wp-json\/wp\/v2\/pages\/1336\/revisions"}],"predecessor-version":[{"id":2064,"href":"https:\/\/daris.at\/de\/wp-json\/wp\/v2\/pages\/1336\/revisions\/2064"}],"wp:attachment":[{"href":"https:\/\/daris.at\/de\/wp-json\/wp\/v2\/media?parent=1336"}],"curies":[{"name":"wp","href":"https:\/\/api.w.org\/{rel}","templated":true}]}}