{"id":1355,"date":"2025-03-26T12:02:55","date_gmt":"2025-03-26T11:02:55","guid":{"rendered":"https:\/\/daris.at\/health-and-safety-guidelines-2\/"},"modified":"2026-02-23T13:02:33","modified_gmt":"2026-02-23T12:02:33","slug":"stornierungsrichtlinie","status":"publish","type":"page","link":"https:\/\/daris.at\/de\/stornierungsrichtlinie\/","title":{"rendered":"Stornierungsrichtlinie"},"content":{"rendered":"<div class=\"et_pb_section_0 et_pb_section et_section_regular et_flex_section preset--module--divi-section--default\">\n<div class=\"et_pb_row_0 et_pb_row et_flex_row preset--module--divi-row--zah7rtvmdv\">\n<div class=\"et_pb_column_0 et_pb_column et-last-child et_flex_column et_pb_css_mix_blend_mode_passthrough et_flex_column_24_24 et_flex_column_24_24_tablet et_flex_column_24_24_phone\">\n<div class=\"et_pb_post_title_0 et_pb_post_title et_pb_bg_layout_light et_pb_module et_flex_module\"><div class=\"et_pb_title_container\"><h1 class=\"entry-title\">Stornierungsrichtlinie<\/h1><\/div><\/div>\n\n<div class=\"et_pb_text_0 et_pb_text et_pb_bg_layout_light et_pb_module et_flex_module\"><div class=\"et_pb_text_inner\"><p>Wir verstehen, dass sich Pl\u00e4ne \u00e4ndern k\u00f6nnen, und versuchen, Flexibilit\u00e4t anzubieten, w\u00e4hrend wir den reibungslosen Ablauf unserer Workshops sicherstellen. Bitte beachten Sie die folgenden Stornierungs- und Umbuchungsrichtlinien:<\/p>\n<h2>Stornierung und Umbuchung:<\/h2>\n<p>Jede Stornierung oder Umbuchung muss schriftlich mindestens 72 Stunden vor dem Workshop erfolgen. Bitte nutzen Sie daf\u00fcr folgende E-Mail-Adresse <a href=\"mailto:hadar@daris.at\">hadar@daris.at<\/a><\/p>\n<h2>72 Stunden oder mehr vorher:<\/h2>\n<p>Wenn Sie Ihre Teilnahme 72 Stunden oder mehr vor dem Workshop stornieren oder umbuchen, erhalten Sie eine volle R\u00fcckerstattung oder die M\u00f6glichkeit, Ihre Buchung auf einen zuk\u00fcnftigen Workshop zu \u00fcbertragen (vorbehaltlich Verf\u00fcgbarkeit).<\/p>\n<h2>Weniger als 72 Stunden vorher:<\/h2>\n<p>Wenn Sie weniger als 72 Stunden vor dem Workshop stornieren oder umbuchen, wird eine reduzierte Geb\u00fchr von 50 \u20ac pro Teilnehmer erhoben. Eine R\u00fcckerstattung ist in diesem Zeitraum nicht m\u00f6glich, aber Sie k\u00f6nnen Ihre Buchung an eine andere Person \u00fcbertragen.<\/p>\n<h2>Nicht-Erscheinen:<\/h2>\n<p>Wenn Sie ohne vorherige Stornierung nicht am Workshop teilnehmen, sind keine R\u00fcckerstattung oder Umbuchung m\u00f6glich.<\/p>\n<h2>Mindestteilnehmerzahl:<\/h2>\n<p>Eine Mindestteilnehmerzahl von 3 Personen ist erforderlich, damit der Workshop stattfindet. Sollte diese Zahl nicht erreicht werden, kann der Workshop abgesagt werden. In diesem Fall erhalten Sie eine volle R\u00fcckerstattung oder die M\u00f6glichkeit, einen neuen Termin zu buchen.<\/p>\n<h2>\u00dcbertragung Ihrer Buchung:<\/h2>\n<p>Sollten Sie nicht am Workshop teilnehmen k\u00f6nnen, k\u00f6nnen Sie Ihren Platz an eine andere Person \u00fcbertragen. Bitte informieren Sie uns mindestens 24 Stunden im Voraus per E-Mail \u00fcber \u00c4nderungen der Teilnehmer. Weiters bitten wir, dass die Person die Ihren Platz einnehmen wird mit uns schriftlich Kontakt aufnimmt. Im Falle eines nicht Erscheines des Ersatzteilnehmers erlauben wir uns Ihnen die Stornierungskosten zu verrechen.<\/p>\n<\/div><\/div>\n<\/div>\n<\/div>\n<\/div>","protected":false},"excerpt":{"rendered":"","protected":false},"author":3,"featured_media":0,"parent":0,"menu_order":0,"comment_status":"closed","ping_status":"closed","template":"","meta":{"_acf_changed":false,"footnotes":""},"class_list":["post-1355","page","type-page","status-publish","hentry"],"acf":[],"_links":{"self":[{"href":"https:\/\/daris.at\/de\/wp-json\/wp\/v2\/pages\/1355","targetHints":{"allow":["GET"]}}],"collection":[{"href":"https:\/\/daris.at\/de\/wp-json\/wp\/v2\/pages"}],"about":[{"href":"https:\/\/daris.at\/de\/wp-json\/wp\/v2\/types\/page"}],"author":[{"embeddable":true,"href":"https:\/\/daris.at\/de\/wp-json\/wp\/v2\/users\/3"}],"replies":[{"embeddable":true,"href":"https:\/\/daris.at\/de\/wp-json\/wp\/v2\/comments?post=1355"}],"version-history":[{"count":10,"href":"https:\/\/daris.at\/de\/wp-json\/wp\/v2\/pages\/1355\/revisions"}],"predecessor-version":[{"id":2078,"href":"https:\/\/daris.at\/de\/wp-json\/wp\/v2\/pages\/1355\/revisions\/2078"}],"wp:attachment":[{"href":"https:\/\/daris.at\/de\/wp-json\/wp\/v2\/media?parent=1355"}],"curies":[{"name":"wp","href":"https:\/\/api.w.org\/{rel}","templated":true}]}}